{"id":23,"date":"2023-11-21T15:32:18","date_gmt":"2023-11-21T12:32:18","guid":{"rendered":"https:\/\/www.vizyonheat.com.tr\/?page_id=23"},"modified":"2024-02-12T16:18:20","modified_gmt":"2024-02-12T13:18:20","slug":"iletisim","status":"publish","type":"page","link":"https:\/\/www.vizyonheat.com.tr\/en\/iletisim\/","title":{"rendered":"Contact Us"},"content":{"rendered":"<style type=\"text\/css\" data-created_by=\"avia_inline_auto\" id=\"style-css-av-lph0nwfz-418f36aea8a04dc80ad97c306375df74\">\n.avia-section.av-lph0nwfz-418f36aea8a04dc80ad97c306375df74{\nbackground-repeat:no-repeat;\nbackground-image:url(https:\/\/www.vizyonheat.com.tr\/wp-content\/uploads\/2023\/11\/pg1-e1701692205385.jpg);\nbackground-position:0% 0%;\nbackground-attachment:scroll;\n}\n<\/style>\n<div id='av_section_1'  class='avia-section av-lph0nwfz-418f36aea8a04dc80ad97c306375df74 main_color avia-section-default avia-no-border-styling  avia-builder-el-0  el_before_av_one_third  avia-builder-el-first  avia-full-stretch avia-bg-style-scroll av-minimum-height av-minimum-height-custom av-height-custom  container_wrap sidebar_right'  data-section-bg-repeat='stretch' data-av_minimum_height_px='300'><div class='container av-section-cont-open' style='height:300px'><main  role=\"main\" itemprop=\"mainContentOfPage\"  class='template-page content  av-content-small alpha units'><div class='post-entry post-entry-type-page post-entry-23'><div class='entry-content-wrapper clearfix'>\n<div  class='flex_column av-2vn7-bdf08e8621c364e3e6415ac114a7ff27 av_one_full  avia-builder-el-1  avia-builder-el-no-sibling  first flex_column_div'     ><style type=\"text\/css\" data-created_by=\"avia_inline_auto\" id=\"style-css-av-lph0o9dh-09188204fa218ad1b5800bffba786014\">\n#top .av-special-heading.av-lph0o9dh-09188204fa218ad1b5800bffba786014{\npadding-bottom:20px;\ncolor:#ffffff;\n}\nbody .av-special-heading.av-lph0o9dh-09188204fa218ad1b5800bffba786014 .av-special-heading-tag .heading-char{\nfont-size:25px;\n}\n.av-special-heading.av-lph0o9dh-09188204fa218ad1b5800bffba786014 .special-heading-inner-border{\nborder-color:#ffffff;\n}\n.av-special-heading.av-lph0o9dh-09188204fa218ad1b5800bffba786014 .av-subheading{\nfont-size:15px;\n}\n<\/style>\n<div  class='av-special-heading av-lph0o9dh-09188204fa218ad1b5800bffba786014 av-special-heading-h1 custom-color-heading blockquote modern-quote modern-centered  avia-builder-el-2  avia-builder-el-no-sibling'><h1 class='av-special-heading-tag'  itemprop=\"headline\"  >Contact Us<\/h1><div class=\"special-heading-border\"><div class=\"special-heading-inner-border\"><\/div><\/div><\/div><\/div>\n<\/div><\/div><\/main><!-- close content main element --><\/div><\/div><div id='after_section_1'  class='main_color av_default_container_wrap container_wrap sidebar_right'  ><div class='container av-section-cont-open' ><div class='template-page content  av-content-small alpha units'><div class='post-entry post-entry-type-page post-entry-23'><div class='entry-content-wrapper clearfix'>\n<div  class='flex_column av-6e6ij-c2cdf018e81de7982d9e09c719f14132 av_one_third  avia-builder-el-3  el_after_av_section  el_before_av_two_third  avia-builder-el-first  first flex_column_div'     ><p>\n<style type=\"text\/css\" data-created_by=\"avia_inline_auto\" id=\"style-css-av-lp8crrtq-61e0d29743477a23eb0900dff3989703\">\n#top .avia-icon-list-container.av-lp8crrtq-61e0d29743477a23eb0900dff3989703 .iconlist_icon{\nbackground-color:#f41a1a;\n}\n<\/style>\n<div  class='avia-icon-list-container av-lp8crrtq-61e0d29743477a23eb0900dff3989703  avia-builder-el-4  el_before_av_iconlist  avia-builder-el-first'><ul class='avia-icon-list avia_animate_when_almost_visible avia-icon-list-left av-iconlist-big av-lp8crrtq-61e0d29743477a23eb0900dff3989703 avia-iconlist-animate'>\n<li><div class='iconlist_icon av-lp8cquyn-087d43ed1ab7f9471fce5ae39fb5465f avia-font-entypo-fontello'><span class='iconlist-char' aria-hidden='true' data-av_icon='\ue854' data-av_iconfont='entypo-fontello'><\/span><\/div><article class=\"article-icon-entry\"  itemscope=\"itemscope\" itemtype=\"https:\/\/schema.org\/CreativeWork\" ><div class=\"iconlist_content_wrap\"><header class=\"entry-content-header\"><h4 class='av_iconlist_title iconlist_title'  itemprop=\"headline\" >Phone<\/h4><\/header><div class='iconlist_content'  itemprop=\"text\" ><p>+90 232 436 37 42<\/p>\n<\/div><\/div><footer class=\"entry-footer\"><\/footer><\/article><div class=\"iconlist-timeline\"><\/div><\/li>\n<\/ul><\/div><br \/>\n\n<style type=\"text\/css\" data-created_by=\"avia_inline_auto\" id=\"style-css-av-lp8csivb-766dd9072f7881121232520f4b9ba890\">\n#top .avia-icon-list-container.av-lp8csivb-766dd9072f7881121232520f4b9ba890 .iconlist_icon{\nbackground-color:#f41a1a;\n}\n<\/style>\n<div  class='avia-icon-list-container av-lp8csivb-766dd9072f7881121232520f4b9ba890  avia-builder-el-5  el_after_av_iconlist  el_before_av_iconlist'><ul class='avia-icon-list avia_animate_when_almost_visible avia-icon-list-left av-iconlist-big av-lp8csivb-766dd9072f7881121232520f4b9ba890 avia-iconlist-animate'>\n<li><div class='iconlist_icon av-lp8cso5x-30a8a095f2cb96fc11cf258b2b1fb608 avia-font-entypo-fontello'><span class='iconlist-char' aria-hidden='true' data-av_icon='\ue854' data-av_iconfont='entypo-fontello'><\/span><\/div><article class=\"article-icon-entry\"  itemscope=\"itemscope\" itemtype=\"https:\/\/schema.org\/CreativeWork\" ><div class=\"iconlist_content_wrap\"><header class=\"entry-content-header\"><h4 class='av_iconlist_title iconlist_title'  itemprop=\"headline\" >Phone<\/h4><\/header><div class='iconlist_content'  itemprop=\"text\" ><p>+90 534 225 75 11<\/p>\n<\/div><\/div><footer class=\"entry-footer\"><\/footer><\/article><div class=\"iconlist-timeline\"><\/div><\/li>\n<\/ul><\/div><br \/>\n\n<style type=\"text\/css\" data-created_by=\"avia_inline_auto\" id=\"style-css-av-lp8ct53b-63e94b46a889aaa211c9fab86a64a337\">\n#top .avia-icon-list-container.av-lp8ct53b-63e94b46a889aaa211c9fab86a64a337 .iconlist_icon{\nbackground-color:#f41a1a;\n}\n<\/style>\n<div  class='avia-icon-list-container av-lp8ct53b-63e94b46a889aaa211c9fab86a64a337  avia-builder-el-6  el_after_av_iconlist  el_before_av_iconlist'><ul class='avia-icon-list avia_animate_when_almost_visible avia-icon-list-left av-iconlist-big av-lp8ct53b-63e94b46a889aaa211c9fab86a64a337 avia-iconlist-animate'>\n<li><div class='iconlist_icon av-lp8ct497-6a275a9888124c66865116e75428d566 avia-font-entypo-fontello'><span class='iconlist-char' aria-hidden='true' data-av_icon='\ue805' data-av_iconfont='entypo-fontello'><\/span><\/div><article class=\"article-icon-entry\"  itemscope=\"itemscope\" itemtype=\"https:\/\/schema.org\/CreativeWork\" ><div class=\"iconlist_content_wrap\"><header class=\"entry-content-header\"><h4 class='av_iconlist_title iconlist_title'  itemprop=\"headline\" >EMAIL<\/h4><\/header><div class='iconlist_content'  itemprop=\"text\" ><p>info@vizyonheat.com.tr<\/p>\n<\/div><\/div><footer class=\"entry-footer\"><\/footer><\/article><div class=\"iconlist-timeline\"><\/div><\/li>\n<\/ul><\/div><br \/>\n\n<style type=\"text\/css\" data-created_by=\"avia_inline_auto\" id=\"style-css-av-lp8ctkfk-51b8bfb52da5984032b8d8e2a39fd8b3\">\n#top .avia-icon-list-container.av-lp8ctkfk-51b8bfb52da5984032b8d8e2a39fd8b3 .iconlist_icon{\nbackground-color:#f41a1a;\n}\n<\/style>\n<div  class='avia-icon-list-container av-lp8ctkfk-51b8bfb52da5984032b8d8e2a39fd8b3  avia-builder-el-7  el_after_av_iconlist  avia-builder-el-last'><ul class='avia-icon-list avia_animate_when_almost_visible avia-icon-list-left av-iconlist-big av-lp8ctkfk-51b8bfb52da5984032b8d8e2a39fd8b3 avia-iconlist-animate'>\n<li><div class='iconlist_icon av-lp8ctiuc-ff17b03c9c62ca8344b1d2c6ffc47482 avia-font-entypo-fontello'><span class='iconlist-char' aria-hidden='true' data-av_icon='\ue842' data-av_iconfont='entypo-fontello'><\/span><\/div><article class=\"article-icon-entry\"  itemscope=\"itemscope\" itemtype=\"https:\/\/schema.org\/CreativeWork\" ><div class=\"iconlist_content_wrap\"><header class=\"entry-content-header\"><h4 class='av_iconlist_title iconlist_title'  itemprop=\"headline\" >ADDRESS<\/h4><\/header><div class='iconlist_content'  itemprop=\"text\" ><div class=\"elementor-column elementor-col-33 elementor-inner-column elementor-element elementor-element-8693a1d\" data-id=\"8693a1d\" data-element_type=\"column\">\n<div class=\"elementor-widget-wrap elementor-element-populated\">\n<div class=\"elementor-element elementor-element-1d1e88eb elementor-widget elementor-widget-text-editor\" data-id=\"1d1e88eb\" data-element_type=\"widget\" data-widget_type=\"text-editor.default\">\n<div class=\"elementor-widget-container\">\n<p>Egemenlik Mahallesi 6016\/3 Sokak No:12 Bornova \/ \u0130zmir, T\u00dcRK\u0130YE<\/p>\n<\/div>\n<\/div>\n<\/div>\n<\/div>\n<\/div><\/div><footer class=\"entry-footer\"><\/footer><\/article><div class=\"iconlist-timeline\"><\/div><\/li>\n<\/ul><\/div><\/p><\/div>\n<div  class='flex_column av-41ccj-843c7bbbc4f5d5247028ca95ac5417fb av_two_third  avia-builder-el-8  el_after_av_one_third  el_before_av_layout_row  avia-builder-el-last  flex_column_div'     ><form action=\"https:\/\/www.vizyonheat.com.tr\/en\/iletisim\/\" method=\"post\" data-fields-with-error=\"Found errors in the following field(s):\" class=\"avia_ajax_form av-form-labels-visible   avia-builder-el-9  avia-builder-el-no-sibling\" data-avia-form-id=\"1\" data-avia-redirect='' data-trp-original-action=\"https:\/\/www.vizyonheat.com.tr\/en\/iletisim\/\" ><h3 class=''>Send us mail<\/h3><fieldset><p class='first_form  form_element form_fullwidth' id='element_avia_1_1'><label for=\"avia_1_1\">Name <abbr class=\"required\" title=\"required\">*<\/abbr><\/label> <input name=\"avia_1_1\" class=\"text_input is_empty\" type=\"text\" id=\"avia_1_1\" value=\"\" \/><\/p><p class='first_form  form_element form_fullwidth' id='element_avia_2_1'><label for=\"avia_2_1\">Email <abbr class=\"required\" title=\"required\">*<\/abbr><\/label> <input name=\"avia_2_1\" class=\"text_input is_email\" type=\"text\" id=\"avia_2_1\" value=\"\" \/><\/p><p class='first_form  form_element form_fullwidth' id='element_avia_3_1'><label for=\"avia_3_1\">Subject <abbr class=\"required\" title=\"required\">*<\/abbr><\/label> <input name=\"avia_3_1\" class=\"text_input is_empty\" type=\"text\" id=\"avia_3_1\" value=\"\" \/><\/p><p class='first_form  form_element form_fullwidth' id='element_avia_4_1'><label for=\"avia_4_1\" class=\"textare_label hidden textare_label_avia_4_1\">Message <abbr class=\"required\" title=\"required\">*<\/abbr><\/label><textarea  name=\"avia_4_1\" class=\"text_area is_empty\" cols=\"40\" rows=\"7\" id=\"avia_4_1\" ><\/textarea><\/p><p class=\"hidden\"><input type=\"text\" name=\"avia_5_1\" class=\"hidden\" id=\"avia_5_1\" value=\"\" \/><\/p><div id='avia_6_1' class='av-recaptcha-area  first_form  form_element form_fullwidth'  data-container_class=\"\" data-custom_class=\"\" data-context=\"av_contact_form\" data-token_input=\"av_recaptcha_token\" data-version=\"avia_recaptcha_v3\" data-theme=\"light\" data-size=\"normal\" data-score=\"0.5\" data-text_to_preview=\"\" data-value=\"\"><div class=\"av-google-badge-message hidden\">This site is protected by reCAPTCHA and the Google <a href=\"https:\/\/policies.google.com\/privacy\" target=\"_blank\" rel=\"noopener\">Privacy Policy<\/a> and <a href=\"https:\/\/policies.google.com\/terms\" target=\"_blank\" rel=\"noopener\">Terms of Service<\/a> apply.<\/div><\/div><p class=\"form_element\"><input type=\"hidden\" value=\"1\" name=\"avia_generated_form1\" \/><input type=\"submit\" value=\"Send\" class=\"button\"  data-sending-label=\"Sending\"\/><\/p><\/fieldset><div class=\"avia-disabled-form\">This contact form is deactivated because you refused to accept Google reCaptcha service which is necessary to validate any messages sent by the form.<\/div><input type=\"hidden\" name=\"trp-form-language\" value=\"en\"\/><\/form><div id=\"ajaxresponse_1\" class=\"ajaxresponse ajaxresponse_1 hidden\"><\/div><\/div><\/div><\/div><\/div><!-- close content main div --><\/div><\/div><div id='av-layout-grid-1'  class='av-layout-grid-container av-py1n-f9b8c6f5b3ec397ac85da991b5e79de7 entry-content-wrapper main_color av-flex-cells  avia-builder-el-10  el_after_av_two_third  avia-builder-el-last  grid-row-not-first  container_wrap sidebar_right'  >\n\n<style type=\"text\/css\" data-created_by=\"avia_inline_auto\" id=\"style-css-av-lpgz3uvd-d247d1be3014914476f0d4de3f24aa46\">\n.flex_cell.av-lpgz3uvd-d247d1be3014914476f0d4de3f24aa46{\nvertical-align:top;\n}\n.responsive #top #wrap_all .flex_cell.av-lpgz3uvd-d247d1be3014914476f0d4de3f24aa46{\npadding:0px 0px 0px 0px !important;\n}\n<\/style>\n<div class='flex_cell av-lpgz3uvd-d247d1be3014914476f0d4de3f24aa46 av-gridrow-cell av_one_full no_margin  avia-builder-el-11  avia-builder-el-no-sibling  av-zero-padding'  ><div class='flex_cell_inner'>\n<\/div><\/div>\n<\/div><\/p>","protected":false},"excerpt":{"rendered":"","protected":false},"author":1,"featured_media":0,"parent":0,"menu_order":0,"comment_status":"closed","ping_status":"closed","template":"","meta":{"footnotes":""},"class_list":["post-23","page","type-page","status-publish","hentry"],"_links":{"self":[{"href":"https:\/\/www.vizyonheat.com.tr\/en\/wp-json\/wp\/v2\/pages\/23","targetHints":{"allow":["GET"]}}],"collection":[{"href":"https:\/\/www.vizyonheat.com.tr\/en\/wp-json\/wp\/v2\/pages"}],"about":[{"href":"https:\/\/www.vizyonheat.com.tr\/en\/wp-json\/wp\/v2\/types\/page"}],"author":[{"embeddable":true,"href":"https:\/\/www.vizyonheat.com.tr\/en\/wp-json\/wp\/v2\/users\/1"}],"replies":[{"embeddable":true,"href":"https:\/\/www.vizyonheat.com.tr\/en\/wp-json\/wp\/v2\/comments?post=23"}],"version-history":[{"count":22,"href":"https:\/\/www.vizyonheat.com.tr\/en\/wp-json\/wp\/v2\/pages\/23\/revisions"}],"predecessor-version":[{"id":712,"href":"https:\/\/www.vizyonheat.com.tr\/en\/wp-json\/wp\/v2\/pages\/23\/revisions\/712"}],"wp:attachment":[{"href":"https:\/\/www.vizyonheat.com.tr\/en\/wp-json\/wp\/v2\/media?parent=23"}],"curies":[{"name":"wp","href":"https:\/\/api.w.org\/{rel}","templated":true}]}}